{"id":17857,"date":"2020-03-08T19:59:21","date_gmt":"2020-03-08T19:59:21","guid":{"rendered":"https:\/\/flegra-beach.com\/cookie-richtlinie\/"},"modified":"2020-04-03T08:32:38","modified_gmt":"2020-04-03T08:32:38","slug":"cookie-richtlinie","status":"publish","type":"page","link":"https:\/\/www.apanemia-apartments.com\/de\/cookie-richtlinie\/","title":{"rendered":"Cookie-Richtlinie"},"content":{"rendered":"<p>\u00dcber diese Cookie-Richtlinie<\/p>\n<p>Diese Cookie-Richtlinie erkl\u00e4rt, was Cookies sind und wie wir sie verwenden. Sie sollten diese Richtlinie lesen, um zu verstehen, was Cookies sind, wie wir sie verwenden, welche Arten von Cookies wir verwenden, d. H. Welche Informationen wir mithilfe von Cookies sammeln und wie diese Informationen verwendet werden und wie die Cookie-Einstellungen gesteuert werden. Weitere Informationen dar\u00fcber, wie wir Ihre pers\u00f6nlichen Daten verwenden, speichern und sch\u00fctzen, finden Sie in unseren Datenschutzbestimmungen.<\/p>\n<p>Sie k\u00f6nnen Ihre Zustimmung jederzeit von der Cookie-Erkl\u00e4rung auf unserer Website \u00e4ndern oder widerrufen.<\/p>\n<p>Erfahren Sie in unserer Datenschutzrichtlinie mehr dar\u00fcber, wer wir sind, wie Sie mit uns Kontakt aufnehmen k\u00f6nnen und wie wir personenbezogene Daten verarbeiten.<\/p>\n<p>Ihre Zustimmung gilt f\u00fcr die folgenden Domains: flegracollection.com<\/p>\n<p>[user_consent_state]<\/p>\n<p>Was sind Cookies?<\/p>\n<p>Cookies sind kleine Textdateien, in denen kleine Informationen gespeichert werden. Die Cookies werden auf Ihrem Ger\u00e4t gespeichert, wenn die Website in Ihren Browser geladen wird. Diese Cookies helfen uns dabei, die Website ordnungsgem\u00e4\u00df zu funktionieren, die Website sicherer zu machen, eine bessere Benutzererfahrung zu bieten, die Leistung der Website zu verstehen und zu analysieren, was funktioniert und wo Verbesserungen erforderlich sind.<\/p>\n<p>Wie verwenden wir Cookies?<\/p>\n<p>Wie die meisten Onlinedienste verwendet unsere Website Cookies von Erstanbietern und Drittanbietern f\u00fcr eine Reihe von Zwecken. Die Erstanbieter-Cookies sind meistens erforderlich, damit die Website ordnungsgem\u00e4\u00df funktioniert, und sie sammeln keine Ihrer personenbezogenen Daten.<\/p>\n<p>Die auf unseren Websites verwendeten Cookies von Drittanbietern werden haupts\u00e4chlich verwendet, um zu verstehen, wie die Website funktioniert, wie Sie mit unserer Website interagieren, unsere Dienste sicher zu halten, f\u00fcr Sie relevante Werbung bereitzustellen und Ihnen insgesamt eine bessere und verbesserte zu bieten Benutzererfahrung und beschleunigen Sie Ihre zuk\u00fcnftigen Interaktionen mit unserer Website.<\/p>\n<p>Welche Arten von Cookies verwenden wir?<\/p>\n<p>Unverzichtbar: Einige Cookies sind unerl\u00e4sslich, damit Sie die volle Funktionalit\u00e4t unserer Website nutzen k\u00f6nnen. Sie erm\u00f6glichen es uns, Benutzersitzungen aufrechtzuerhalten und Sicherheitsbedrohungen zu verhindern. Sie sammeln oder speichern keine pers\u00f6nlichen Daten. Mit diesen Cookies k\u00f6nnen Sie sich beispielsweise in Ihrem Konto anmelden und Produkte sicher in Ihren Warenkorb legen und auschecken.<\/p>\n<p>Statistiken: Diese Cookies speichern Informationen wie die Anzahl der Besucher der Website, die Anzahl der eindeutigen Besucher, welche Seiten der Website besucht wurden, die Quelle des Besuchs usw. Diese Daten helfen uns zu verstehen und zu analysieren, wie gut die Website funktioniert und wo es verbessert werden muss.<\/p>\n<p>Marketing: Auf unserer Website werden Anzeigen geschaltet. Diese Cookies werden verwendet, um die Anzeigen, die wir Ihnen zeigen, so zu personalisieren, dass sie f\u00fcr Sie von Bedeutung sind. Mithilfe dieser Cookies k\u00f6nnen wir auch die Effizienz dieser Werbekampagnen verfolgen.<\/p>\n<p>Die in diesen Cookies gespeicherten Informationen k\u00f6nnen auch von Drittanbietern verwendet werden, um Ihnen Anzeigen auf anderen Websites im Browser zu schalten.<\/p>\n<p>Funktional: Dies sind die Cookies, die bestimmte nicht wesentliche Funktionen auf unserer Website unterst\u00fctzen. Diese Funktionen umfassen das Einbetten von Inhalten wie Videos oder das Teilen von Inhalten auf der Website auf Social Media-Plattformen.<\/p>\n<p>Einstellungen: Mithilfe dieser Cookies k\u00f6nnen wir Ihre Einstellungen und Browsing-Einstellungen wie Spracheinstellungen speichern, damit Sie bei zuk\u00fcnftigen Besuchen der Website eine bessere und effizientere Erfahrung machen k\u00f6nnen.<\/p>\n<p>[cookie_audit column = &#8222;cookie, description&#8220; Heading = &#8222;In der folgenden Liste sind die auf unserer Website verwendeten Cookies aufgef\u00fchrt.&#8220;]<\/p>\n<p>Wie kann ich die Cookie-Einstellungen steuern?<\/p>\n<p>Wenn Sie Ihre Einstellungen sp\u00e4ter w\u00e4hrend Ihrer Browsersitzung \u00e4ndern m\u00f6chten, k\u00f6nnen Sie auf Ihrem Bildschirm auf die Registerkarte &#8222;Datenschutz- und Cookie-Richtlinie&#8220; klicken. Dadurch wird der Zustimmungshinweis erneut angezeigt, sodass Sie Ihre Einstellungen \u00e4ndern oder Ihre Einwilligung vollst\u00e4ndig widerrufen k\u00f6nnen.<\/p>\n<p>Dar\u00fcber hinaus bieten verschiedene Browser unterschiedliche Methoden zum Blockieren und L\u00f6schen von Cookies, die von Websites verwendet werden. Sie k\u00f6nnen die Einstellungen Ihres Browsers \u00e4ndern, um die Cookies zu blockieren \/ l\u00f6schen. Weitere Informationen zum Verwalten und L\u00f6schen von Cookies finden Sie unter wikipedia.org, www.allaboutcookies.org.<\/p>\n","protected":false},"excerpt":{"rendered":"<p>\u00dcber diese Cookie-Richtlinie Diese Cookie-Richtlinie erkl\u00e4rt, was Cookies sind und wie wir sie verwenden. Sie sollten diese Richtlinie lesen, um zu verstehen, was Cookies sind, wie wir sie verwenden, welche Arten von Cookies wir verwenden, d. H. Welche Informationen wir mithilfe von Cookies sammeln und wie diese Informationen verwendet werden und wie die Cookie-Einstellungen gesteuert [&hellip;]<\/p>\n","protected":false},"author":2,"featured_media":0,"parent":0,"menu_order":0,"comment_status":"closed","ping_status":"closed","template":"","meta":{"_acf_changed":false,"footnotes":""},"class_list":["post-17857","page","type-page","status-publish","hentry"],"acf":[],"yoast_head":"<!-- This site is optimized with the Yoast SEO plugin v27.3 - https:\/\/yoast.com\/product\/yoast-seo-wordpress\/ -->\n<title>Cookie-Richtlinie - Apanemia Apartments<\/title>\n<meta name=\"robots\" content=\"index, follow, max-snippet:-1, max-image-preview:large, max-video-preview:-1\" \/>\n<link rel=\"canonical\" href=\"https:\/\/www.apanemia-apartments.com\/de\/cookie-richtlinie\/\" \/>\n<meta property=\"og:locale\" content=\"de_DE\" \/>\n<meta property=\"og:type\" content=\"article\" \/>\n<meta property=\"og:title\" content=\"Cookie-Richtlinie - Apanemia Apartments\" \/>\n<meta property=\"og:description\" content=\"\u00dcber diese Cookie-Richtlinie Diese Cookie-Richtlinie erkl\u00e4rt, was Cookies sind und wie wir sie verwenden. Sie sollten diese Richtlinie lesen, um zu verstehen, was Cookies sind, wie wir sie verwenden, welche Arten von Cookies wir verwenden, d. H. Welche Informationen wir mithilfe von Cookies sammeln und wie diese Informationen verwendet werden und wie die Cookie-Einstellungen gesteuert [&hellip;]\" \/>\n<meta property=\"og:url\" content=\"https:\/\/www.apanemia-apartments.com\/de\/cookie-richtlinie\/\" \/>\n<meta property=\"og:site_name\" content=\"Apanemia Apartments\" \/>\n<meta property=\"article:modified_time\" content=\"2020-04-03T08:32:38+00:00\" \/>\n<meta name=\"twitter:card\" content=\"summary_large_image\" \/>\n<meta name=\"twitter:label1\" content=\"Gesch\u00e4tzte Lesezeit\" \/>\n\t<meta name=\"twitter:data1\" content=\"3\u00a0Minuten\" \/>\n<script type=\"application\/ld+json\" class=\"yoast-schema-graph\">{\"@context\":\"https:\\\/\\\/schema.org\",\"@graph\":[{\"@type\":\"WebPage\",\"@id\":\"https:\\\/\\\/www.apanemia-apartments.com\\\/de\\\/cookie-richtlinie\\\/\",\"url\":\"https:\\\/\\\/www.apanemia-apartments.com\\\/de\\\/cookie-richtlinie\\\/\",\"name\":\"Cookie-Richtlinie - Apanemia Apartments\",\"isPartOf\":{\"@id\":\"https:\\\/\\\/www.apanemia-apartments.com\\\/de\\\/#website\"},\"datePublished\":\"2020-03-08T19:59:21+00:00\",\"dateModified\":\"2020-04-03T08:32:38+00:00\",\"breadcrumb\":{\"@id\":\"https:\\\/\\\/www.apanemia-apartments.com\\\/de\\\/cookie-richtlinie\\\/#breadcrumb\"},\"inLanguage\":\"de\",\"potentialAction\":[{\"@type\":\"ReadAction\",\"target\":[\"https:\\\/\\\/www.apanemia-apartments.com\\\/de\\\/cookie-richtlinie\\\/\"]}]},{\"@type\":\"BreadcrumbList\",\"@id\":\"https:\\\/\\\/www.apanemia-apartments.com\\\/de\\\/cookie-richtlinie\\\/#breadcrumb\",\"itemListElement\":[{\"@type\":\"ListItem\",\"position\":1,\"name\":\"Home\",\"item\":\"https:\\\/\\\/www.apanemia-apartments.com\\\/de\\\/\"},{\"@type\":\"ListItem\",\"position\":2,\"name\":\"Cookie-Richtlinie\"}]},{\"@type\":\"WebSite\",\"@id\":\"https:\\\/\\\/www.apanemia-apartments.com\\\/de\\\/#website\",\"url\":\"https:\\\/\\\/www.apanemia-apartments.com\\\/de\\\/\",\"name\":\"Apanemia Apartments\",\"description\":\"30 Years of Hospitality Hotels in Halkidiki\",\"publisher\":{\"@id\":\"https:\\\/\\\/www.apanemia-apartments.com\\\/de\\\/#organization\"},\"potentialAction\":[{\"@type\":\"SearchAction\",\"target\":{\"@type\":\"EntryPoint\",\"urlTemplate\":\"https:\\\/\\\/www.apanemia-apartments.com\\\/de\\\/?s={search_term_string}\"},\"query-input\":{\"@type\":\"PropertyValueSpecification\",\"valueRequired\":true,\"valueName\":\"search_term_string\"}}],\"inLanguage\":\"de\"},{\"@type\":\"Organization\",\"@id\":\"https:\\\/\\\/www.apanemia-apartments.com\\\/de\\\/#organization\",\"name\":\"Flegra Collection - Flegra Palace\",\"url\":\"https:\\\/\\\/www.apanemia-apartments.com\\\/de\\\/\",\"logo\":{\"@type\":\"ImageObject\",\"inLanguage\":\"de\",\"@id\":\"https:\\\/\\\/www.apanemia-apartments.com\\\/de\\\/#\\\/schema\\\/logo\\\/image\\\/\",\"url\":\"\",\"contentUrl\":\"\",\"caption\":\"Flegra Collection - Flegra Palace\"},\"image\":{\"@id\":\"https:\\\/\\\/www.apanemia-apartments.com\\\/de\\\/#\\\/schema\\\/logo\\\/image\\\/\"}}]}<\/script>\n<!-- \/ Yoast SEO plugin. -->","yoast_head_json":{"title":"Cookie-Richtlinie - Apanemia Apartments","robots":{"index":"index","follow":"follow","max-snippet":"max-snippet:-1","max-image-preview":"max-image-preview:large","max-video-preview":"max-video-preview:-1"},"canonical":"https:\/\/www.apanemia-apartments.com\/de\/cookie-richtlinie\/","og_locale":"de_DE","og_type":"article","og_title":"Cookie-Richtlinie - Apanemia Apartments","og_description":"\u00dcber diese Cookie-Richtlinie Diese Cookie-Richtlinie erkl\u00e4rt, was Cookies sind und wie wir sie verwenden. Sie sollten diese Richtlinie lesen, um zu verstehen, was Cookies sind, wie wir sie verwenden, welche Arten von Cookies wir verwenden, d. H. Welche Informationen wir mithilfe von Cookies sammeln und wie diese Informationen verwendet werden und wie die Cookie-Einstellungen gesteuert [&hellip;]","og_url":"https:\/\/www.apanemia-apartments.com\/de\/cookie-richtlinie\/","og_site_name":"Apanemia Apartments","article_modified_time":"2020-04-03T08:32:38+00:00","twitter_card":"summary_large_image","twitter_misc":{"Gesch\u00e4tzte Lesezeit":"3\u00a0Minuten"},"schema":{"@context":"https:\/\/schema.org","@graph":[{"@type":"WebPage","@id":"https:\/\/www.apanemia-apartments.com\/de\/cookie-richtlinie\/","url":"https:\/\/www.apanemia-apartments.com\/de\/cookie-richtlinie\/","name":"Cookie-Richtlinie - Apanemia Apartments","isPartOf":{"@id":"https:\/\/www.apanemia-apartments.com\/de\/#website"},"datePublished":"2020-03-08T19:59:21+00:00","dateModified":"2020-04-03T08:32:38+00:00","breadcrumb":{"@id":"https:\/\/www.apanemia-apartments.com\/de\/cookie-richtlinie\/#breadcrumb"},"inLanguage":"de","potentialAction":[{"@type":"ReadAction","target":["https:\/\/www.apanemia-apartments.com\/de\/cookie-richtlinie\/"]}]},{"@type":"BreadcrumbList","@id":"https:\/\/www.apanemia-apartments.com\/de\/cookie-richtlinie\/#breadcrumb","itemListElement":[{"@type":"ListItem","position":1,"name":"Home","item":"https:\/\/www.apanemia-apartments.com\/de\/"},{"@type":"ListItem","position":2,"name":"Cookie-Richtlinie"}]},{"@type":"WebSite","@id":"https:\/\/www.apanemia-apartments.com\/de\/#website","url":"https:\/\/www.apanemia-apartments.com\/de\/","name":"Apanemia Apartments","description":"30 Years of Hospitality Hotels in Halkidiki","publisher":{"@id":"https:\/\/www.apanemia-apartments.com\/de\/#organization"},"potentialAction":[{"@type":"SearchAction","target":{"@type":"EntryPoint","urlTemplate":"https:\/\/www.apanemia-apartments.com\/de\/?s={search_term_string}"},"query-input":{"@type":"PropertyValueSpecification","valueRequired":true,"valueName":"search_term_string"}}],"inLanguage":"de"},{"@type":"Organization","@id":"https:\/\/www.apanemia-apartments.com\/de\/#organization","name":"Flegra Collection - Flegra Palace","url":"https:\/\/www.apanemia-apartments.com\/de\/","logo":{"@type":"ImageObject","inLanguage":"de","@id":"https:\/\/www.apanemia-apartments.com\/de\/#\/schema\/logo\/image\/","url":"","contentUrl":"","caption":"Flegra Collection - Flegra Palace"},"image":{"@id":"https:\/\/www.apanemia-apartments.com\/de\/#\/schema\/logo\/image\/"}}]}},"_links":{"self":[{"href":"https:\/\/www.apanemia-apartments.com\/de\/wp-json\/wp\/v2\/pages\/17857","targetHints":{"allow":["GET"]}}],"collection":[{"href":"https:\/\/www.apanemia-apartments.com\/de\/wp-json\/wp\/v2\/pages"}],"about":[{"href":"https:\/\/www.apanemia-apartments.com\/de\/wp-json\/wp\/v2\/types\/page"}],"author":[{"embeddable":true,"href":"https:\/\/www.apanemia-apartments.com\/de\/wp-json\/wp\/v2\/users\/2"}],"replies":[{"embeddable":true,"href":"https:\/\/www.apanemia-apartments.com\/de\/wp-json\/wp\/v2\/comments?post=17857"}],"version-history":[{"count":0,"href":"https:\/\/www.apanemia-apartments.com\/de\/wp-json\/wp\/v2\/pages\/17857\/revisions"}],"wp:attachment":[{"href":"https:\/\/www.apanemia-apartments.com\/de\/wp-json\/wp\/v2\/media?parent=17857"}],"curies":[{"name":"wp","href":"https:\/\/api.w.org\/{rel}","templated":true}]}}