{"id":17854,"date":"2020-03-08T19:56:13","date_gmt":"2020-03-08T19:56:13","guid":{"rendered":"https:\/\/flegra-beach.com\/404-2\/"},"modified":"2020-04-03T08:46:07","modified_gmt":"2020-04-03T08:46:07","slug":"404-2","status":"publish","type":"page","link":"https:\/\/www.apanemia-apartments.com\/tr\/404-2\/","title":{"rendered":"404"},"content":{"rendered":"\t\t<div data-elementor-type=\"wp-post\" data-elementor-id=\"17854\" class=\"elementor elementor-17854 elementor-147\">\n\t\t\t\t\t\t<section class=\"elementor-section elementor-top-section elementor-element elementor-element-4f9c0b89 elementor-section-boxed elementor-section-height-default elementor-section-height-default\" data-id=\"4f9c0b89\" data-element_type=\"section\" data-e-type=\"section\" data-settings=\"{&quot;jet_parallax_layout_list&quot;:[{&quot;jet_parallax_layout_image&quot;:{&quot;url&quot;:&quot;&quot;,&quot;id&quot;:&quot;&quot;,&quot;size&quot;:&quot;&quot;},&quot;_id&quot;:&quot;a04df71&quot;,&quot;jet_parallax_layout_image_tablet&quot;:{&quot;url&quot;:&quot;&quot;,&quot;id&quot;:&quot;&quot;,&quot;size&quot;:&quot;&quot;},&quot;jet_parallax_layout_image_mobile&quot;:{&quot;url&quot;:&quot;&quot;,&quot;id&quot;:&quot;&quot;,&quot;size&quot;:&quot;&quot;},&quot;jet_parallax_layout_speed&quot;:{&quot;unit&quot;:&quot;%&quot;,&quot;size&quot;:&quot;50&quot;,&quot;sizes&quot;:[]},&quot;jet_parallax_layout_type&quot;:&quot;scroll&quot;,&quot;jet_parallax_layout_z_index&quot;:&quot;&quot;,&quot;jet_parallax_layout_bg_x&quot;:&quot;50&quot;,&quot;jet_parallax_layout_bg_y&quot;:&quot;50&quot;,&quot;jet_parallax_layout_bg_size&quot;:&quot;auto&quot;,&quot;jet_parallax_layout_animation_prop&quot;:&quot;transform&quot;,&quot;jet_parallax_layout_on&quot;:[&quot;desktop&quot;,&quot;tablet&quot;],&quot;jet_parallax_layout_direction&quot;:&quot;1&quot;,&quot;jet_parallax_layout_fx_direction&quot;:null,&quot;jet_parallax_layout_bg_x_tablet&quot;:&quot;&quot;,&quot;jet_parallax_layout_bg_x_mobile&quot;:&quot;&quot;,&quot;jet_parallax_layout_bg_y_tablet&quot;:&quot;&quot;,&quot;jet_parallax_layout_bg_y_mobile&quot;:&quot;&quot;,&quot;jet_parallax_layout_bg_size_tablet&quot;:&quot;&quot;,&quot;jet_parallax_layout_bg_size_mobile&quot;:&quot;&quot;}]}\">\n\t\t\t\t\t\t<div class=\"elementor-container elementor-column-gap-default\">\n\t\t\t\t\t<div class=\"elementor-column elementor-col-100 elementor-top-column elementor-element elementor-element-4f2ccbbd\" data-id=\"4f2ccbbd\" data-element_type=\"column\" data-e-type=\"column\">\n\t\t\t<div class=\"elementor-widget-wrap elementor-element-populated\">\n\t\t\t\t\t\t<div class=\"elementor-element elementor-element-4cde0238 elementor-position-top elementor-widget elementor-widget-image-box\" data-id=\"4cde0238\" data-element_type=\"widget\" data-e-type=\"widget\" data-widget_type=\"image-box.default\">\n\t\t\t\t<div class=\"elementor-widget-container\">\n\t\t\t\t\t<div class=\"elementor-image-box-wrapper\"><figure class=\"elementor-image-box-img\"><img decoding=\"async\" src=\"https:\/\/jupiterx.artbees.net\/agency-2\/wp-content\/uploads\/sites\/276\/2019\/08\/404-1.png\" title=\"\" alt=\"\" loading=\"lazy\" \/><\/figure><div class=\"elementor-image-box-content\"><h3 class=\"elementor-image-box-title\">Arad\u0131\u011f\u0131n\u0131z sayfa bulunamad\u0131<\/h3><\/div><\/div>\t\t\t\t<\/div>\n\t\t\t\t<\/div>\n\t\t\t\t<div class=\"elementor-element elementor-element-36c4cc97 elementor-align-center elementor-mobile-align-center elementor-widget elementor-widget-raven-button\" data-id=\"36c4cc97\" data-element_type=\"widget\" data-e-type=\"widget\" data-settings=\"{&quot;turn_to_popup_action_button&quot;:&quot;no&quot;}\" data-widget_type=\"raven-button.default\">\n\t\t\t\t<div class=\"elementor-widget-container\">\n\t\t\t\t\t\t\t<div class=\"raven-widget-wrapper\">\n\t\t\t<a class=\"raven-button raven-button-widget-normal-effect-none  raven-button-text-align-center raven-button-link elementor-animation-none\" href=\"http:\/\/Ana%20Sayfa\">\t\t\t\t<div class=\"raven-button-overlay\" ><\/div>\n\t\t\t\t<span class=\"raven-button-content\">\n\t\t\t\t\t\n\t\t\t\t\t<div class=\"button-text-container\">\n\t\t\t\t\t\t\t\t\t\t\t\t<div class=\"raven-button-texts-wrapper\">\n\t\t\t\t\t\t\t<div class=\"button-text\">\n\t\t\t\t\t\t\t\t<span class=\"raven-button-text\">\n\t\t\t\t\t\t\t\t\tAna Sayfa\t\t\t\t\t\t\t\t<\/span>\n\t\t\t\t\t\t\t<\/div>\n\t\t\t\t\t\t\t\t\t\t\t\t\t<\/div>\n\t\t\t\t\t\t\t\t\t\t\t<\/div>\n\t\t\t\t\t\n\t\t\t\t\t\t\t\t\t<\/span>\n\t\t\t<\/a>\t\t<\/div>\n\t\t\t\t\t\t<\/div>\n\t\t\t\t<\/div>\n\t\t\t\t\t<\/div>\n\t\t<\/div>\n\t\t\t\t\t<\/div>\n\t\t<\/section>\n\t\t\t\t<\/div>\n\t\t","protected":false},"excerpt":{"rendered":"<p>Arad\u0131\u011f\u0131n\u0131z sayfa bulunamad\u0131 Ana Sayfa<\/p>\n","protected":false},"author":1,"featured_media":0,"parent":0,"menu_order":0,"comment_status":"closed","ping_status":"closed","template":"full-width.php","meta":{"_acf_changed":false,"footnotes":""},"class_list":["post-17854","page","type-page","status-publish","hentry"],"acf":[],"yoast_head":"<!-- This site is optimized with the Yoast SEO plugin v27.5 - https:\/\/yoast.com\/product\/yoast-seo-wordpress\/ -->\n<title>404 - Apanemia Apartments<\/title>\n<meta name=\"robots\" content=\"index, follow, max-snippet:-1, max-image-preview:large, max-video-preview:-1\" \/>\n<link rel=\"canonical\" href=\"https:\/\/www.apanemia-apartments.com\/tr\/404-2\/\" \/>\n<meta property=\"og:locale\" content=\"tr_TR\" \/>\n<meta property=\"og:type\" content=\"article\" \/>\n<meta property=\"og:title\" content=\"404 - Apanemia Apartments\" \/>\n<meta property=\"og:description\" content=\"Arad\u0131\u011f\u0131n\u0131z sayfa bulunamad\u0131 Ana Sayfa\" \/>\n<meta property=\"og:url\" content=\"https:\/\/www.apanemia-apartments.com\/tr\/404-2\/\" \/>\n<meta property=\"og:site_name\" content=\"Apanemia Apartments\" \/>\n<meta property=\"article:modified_time\" content=\"2020-04-03T08:46:07+00:00\" \/>\n<meta property=\"og:image\" content=\"https:\/\/www.apanemia-apartments.com\/wp-content\/uploads\/2019\/08\/404-1.png\" \/>\n<meta name=\"twitter:card\" content=\"summary_large_image\" \/>\n<script type=\"application\/ld+json\" class=\"yoast-schema-graph\">{\"@context\":\"https:\\\/\\\/schema.org\",\"@graph\":[{\"@type\":\"WebPage\",\"@id\":\"https:\\\/\\\/www.apanemia-apartments.com\\\/tr\\\/404-2\\\/\",\"url\":\"https:\\\/\\\/www.apanemia-apartments.com\\\/tr\\\/404-2\\\/\",\"name\":\"404 - Apanemia Apartments\",\"isPartOf\":{\"@id\":\"https:\\\/\\\/www.apanemia-apartments.com\\\/tr\\\/#website\"},\"primaryImageOfPage\":{\"@id\":\"https:\\\/\\\/www.apanemia-apartments.com\\\/tr\\\/404-2\\\/#primaryimage\"},\"image\":{\"@id\":\"https:\\\/\\\/www.apanemia-apartments.com\\\/tr\\\/404-2\\\/#primaryimage\"},\"thumbnailUrl\":\"https:\\\/\\\/www.apanemia-apartments.com\\\/wp-content\\\/uploads\\\/2019\\\/08\\\/404-1.png\",\"datePublished\":\"2020-03-08T19:56:13+00:00\",\"dateModified\":\"2020-04-03T08:46:07+00:00\",\"breadcrumb\":{\"@id\":\"https:\\\/\\\/www.apanemia-apartments.com\\\/tr\\\/404-2\\\/#breadcrumb\"},\"inLanguage\":\"tr\",\"potentialAction\":[{\"@type\":\"ReadAction\",\"target\":[\"https:\\\/\\\/www.apanemia-apartments.com\\\/tr\\\/404-2\\\/\"]}]},{\"@type\":\"ImageObject\",\"inLanguage\":\"tr\",\"@id\":\"https:\\\/\\\/www.apanemia-apartments.com\\\/tr\\\/404-2\\\/#primaryimage\",\"url\":\"https:\\\/\\\/www.apanemia-apartments.com\\\/wp-content\\\/uploads\\\/2019\\\/08\\\/404-1.png\",\"contentUrl\":\"https:\\\/\\\/www.apanemia-apartments.com\\\/wp-content\\\/uploads\\\/2019\\\/08\\\/404-1.png\"},{\"@type\":\"BreadcrumbList\",\"@id\":\"https:\\\/\\\/www.apanemia-apartments.com\\\/tr\\\/404-2\\\/#breadcrumb\",\"itemListElement\":[{\"@type\":\"ListItem\",\"position\":1,\"name\":\"Home\",\"item\":\"https:\\\/\\\/www.apanemia-apartments.com\\\/tr\\\/\"},{\"@type\":\"ListItem\",\"position\":2,\"name\":\"404\"}]},{\"@type\":\"WebSite\",\"@id\":\"https:\\\/\\\/www.apanemia-apartments.com\\\/tr\\\/#website\",\"url\":\"https:\\\/\\\/www.apanemia-apartments.com\\\/tr\\\/\",\"name\":\"Apanemia Apartments\",\"description\":\"30 Years of Hospitality Hotels in Halkidiki\",\"publisher\":{\"@id\":\"https:\\\/\\\/www.apanemia-apartments.com\\\/tr\\\/#organization\"},\"potentialAction\":[{\"@type\":\"SearchAction\",\"target\":{\"@type\":\"EntryPoint\",\"urlTemplate\":\"https:\\\/\\\/www.apanemia-apartments.com\\\/tr\\\/?s={search_term_string}\"},\"query-input\":{\"@type\":\"PropertyValueSpecification\",\"valueRequired\":true,\"valueName\":\"search_term_string\"}}],\"inLanguage\":\"tr\"},{\"@type\":\"Organization\",\"@id\":\"https:\\\/\\\/www.apanemia-apartments.com\\\/tr\\\/#organization\",\"name\":\"Flegra Collection - Flegra Palace\",\"url\":\"https:\\\/\\\/www.apanemia-apartments.com\\\/tr\\\/\",\"logo\":{\"@type\":\"ImageObject\",\"inLanguage\":\"tr\",\"@id\":\"https:\\\/\\\/www.apanemia-apartments.com\\\/tr\\\/#\\\/schema\\\/logo\\\/image\\\/\",\"url\":\"\",\"contentUrl\":\"\",\"caption\":\"Flegra Collection - Flegra Palace\"},\"image\":{\"@id\":\"https:\\\/\\\/www.apanemia-apartments.com\\\/tr\\\/#\\\/schema\\\/logo\\\/image\\\/\"}}]}<\/script>\n<!-- \/ Yoast SEO plugin. -->","yoast_head_json":{"title":"404 - Apanemia Apartments","robots":{"index":"index","follow":"follow","max-snippet":"max-snippet:-1","max-image-preview":"max-image-preview:large","max-video-preview":"max-video-preview:-1"},"canonical":"https:\/\/www.apanemia-apartments.com\/tr\/404-2\/","og_locale":"tr_TR","og_type":"article","og_title":"404 - Apanemia Apartments","og_description":"Arad\u0131\u011f\u0131n\u0131z sayfa bulunamad\u0131 Ana Sayfa","og_url":"https:\/\/www.apanemia-apartments.com\/tr\/404-2\/","og_site_name":"Apanemia Apartments","article_modified_time":"2020-04-03T08:46:07+00:00","og_image":[{"url":"https:\/\/www.apanemia-apartments.com\/wp-content\/uploads\/2019\/08\/404-1.png","type":"","width":"","height":""}],"twitter_card":"summary_large_image","schema":{"@context":"https:\/\/schema.org","@graph":[{"@type":"WebPage","@id":"https:\/\/www.apanemia-apartments.com\/tr\/404-2\/","url":"https:\/\/www.apanemia-apartments.com\/tr\/404-2\/","name":"404 - Apanemia Apartments","isPartOf":{"@id":"https:\/\/www.apanemia-apartments.com\/tr\/#website"},"primaryImageOfPage":{"@id":"https:\/\/www.apanemia-apartments.com\/tr\/404-2\/#primaryimage"},"image":{"@id":"https:\/\/www.apanemia-apartments.com\/tr\/404-2\/#primaryimage"},"thumbnailUrl":"https:\/\/www.apanemia-apartments.com\/wp-content\/uploads\/2019\/08\/404-1.png","datePublished":"2020-03-08T19:56:13+00:00","dateModified":"2020-04-03T08:46:07+00:00","breadcrumb":{"@id":"https:\/\/www.apanemia-apartments.com\/tr\/404-2\/#breadcrumb"},"inLanguage":"tr","potentialAction":[{"@type":"ReadAction","target":["https:\/\/www.apanemia-apartments.com\/tr\/404-2\/"]}]},{"@type":"ImageObject","inLanguage":"tr","@id":"https:\/\/www.apanemia-apartments.com\/tr\/404-2\/#primaryimage","url":"https:\/\/www.apanemia-apartments.com\/wp-content\/uploads\/2019\/08\/404-1.png","contentUrl":"https:\/\/www.apanemia-apartments.com\/wp-content\/uploads\/2019\/08\/404-1.png"},{"@type":"BreadcrumbList","@id":"https:\/\/www.apanemia-apartments.com\/tr\/404-2\/#breadcrumb","itemListElement":[{"@type":"ListItem","position":1,"name":"Home","item":"https:\/\/www.apanemia-apartments.com\/tr\/"},{"@type":"ListItem","position":2,"name":"404"}]},{"@type":"WebSite","@id":"https:\/\/www.apanemia-apartments.com\/tr\/#website","url":"https:\/\/www.apanemia-apartments.com\/tr\/","name":"Apanemia Apartments","description":"30 Years of Hospitality Hotels in Halkidiki","publisher":{"@id":"https:\/\/www.apanemia-apartments.com\/tr\/#organization"},"potentialAction":[{"@type":"SearchAction","target":{"@type":"EntryPoint","urlTemplate":"https:\/\/www.apanemia-apartments.com\/tr\/?s={search_term_string}"},"query-input":{"@type":"PropertyValueSpecification","valueRequired":true,"valueName":"search_term_string"}}],"inLanguage":"tr"},{"@type":"Organization","@id":"https:\/\/www.apanemia-apartments.com\/tr\/#organization","name":"Flegra Collection - Flegra Palace","url":"https:\/\/www.apanemia-apartments.com\/tr\/","logo":{"@type":"ImageObject","inLanguage":"tr","@id":"https:\/\/www.apanemia-apartments.com\/tr\/#\/schema\/logo\/image\/","url":"","contentUrl":"","caption":"Flegra Collection - Flegra Palace"},"image":{"@id":"https:\/\/www.apanemia-apartments.com\/tr\/#\/schema\/logo\/image\/"}}]}},"_links":{"self":[{"href":"https:\/\/www.apanemia-apartments.com\/tr\/wp-json\/wp\/v2\/pages\/17854","targetHints":{"allow":["GET"]}}],"collection":[{"href":"https:\/\/www.apanemia-apartments.com\/tr\/wp-json\/wp\/v2\/pages"}],"about":[{"href":"https:\/\/www.apanemia-apartments.com\/tr\/wp-json\/wp\/v2\/types\/page"}],"author":[{"embeddable":true,"href":"https:\/\/www.apanemia-apartments.com\/tr\/wp-json\/wp\/v2\/users\/1"}],"replies":[{"embeddable":true,"href":"https:\/\/www.apanemia-apartments.com\/tr\/wp-json\/wp\/v2\/comments?post=17854"}],"version-history":[{"count":0,"href":"https:\/\/www.apanemia-apartments.com\/tr\/wp-json\/wp\/v2\/pages\/17854\/revisions"}],"wp:attachment":[{"href":"https:\/\/www.apanemia-apartments.com\/tr\/wp-json\/wp\/v2\/media?parent=17854"}],"curies":[{"name":"wp","href":"https:\/\/api.w.org\/{rel}","templated":true}]}}