{"id":17861,"date":"2020-03-08T20:02:02","date_gmt":"2020-03-08T20:02:02","guid":{"rendered":"https:\/\/flegra-beach.com\/cerez-politikasi\/"},"modified":"2020-04-03T08:32:48","modified_gmt":"2020-04-03T08:32:48","slug":"cerez-politikasi","status":"publish","type":"page","link":"https:\/\/www.apanemia-apartments.com\/tr\/cerez-politikasi\/","title":{"rendered":"\u00c7erez politikas\u0131"},"content":{"rendered":"<p>Bu \u00e7erez politikas\u0131 hakk\u0131nda<\/p>\n<p>Bu \u00c7erez Politikas\u0131, \u00e7erezlerin ne oldu\u011funu ve nas\u0131l kulland\u0131\u011f\u0131m\u0131z\u0131 a\u00e7\u0131klar. \u00c7erezlerin ne oldu\u011funu, nas\u0131l kulland\u0131\u011f\u0131m\u0131z\u0131, kulland\u0131\u011f\u0131m\u0131z \u00e7erez t\u00fcrlerini, \u00e7erezleri kullanarak toplad\u0131\u011f\u0131m\u0131z bilgileri ve bu bilgilerin nas\u0131l kullan\u0131ld\u0131\u011f\u0131n\u0131 ve \u00e7erez tercihlerinin nas\u0131l kontrol edilece\u011fini anlamak i\u00e7in bu politikay\u0131 okumal\u0131s\u0131n\u0131z. Ki\u015fisel verilerinizi nas\u0131l kulland\u0131\u011f\u0131m\u0131z, saklad\u0131\u011f\u0131m\u0131z ve saklad\u0131\u011f\u0131m\u0131z hakk\u0131nda daha fazla bilgi i\u00e7in Gizlilik Politikam\u0131za bak\u0131n.<\/p>\n<p>Web sitemizdeki \u00c7erez Bildirimi&#8217;nden onay\u0131n\u0131z\u0131 istedi\u011finiz zaman de\u011fi\u015ftirebilir veya geri \u00e7ekebilirsiniz.<\/p>\n<p>Kim oldu\u011fumuz, bizimle nas\u0131l ileti\u015fime ge\u00e7ebilece\u011finiz ve ki\u015fisel verilerinizi nas\u0131l i\u015fleme koydu\u011fumuz hakk\u0131nda Gizlilik Politikam\u0131z hakk\u0131nda daha fazla bilgi edinin.<\/p>\n<p>Onay\u0131n\u0131z a\u015fa\u011f\u0131daki alanlar i\u00e7in ge\u00e7erlidir: flegracollection.com<\/p>\n<p>[User_consent_state]<\/p>\n<p>\u00c7erez nedir?<\/p>\n<p>\u00c7erezler, k\u00fc\u00e7\u00fck bilgileri saklamak i\u00e7in kullan\u0131lan k\u00fc\u00e7\u00fck metin dosyalar\u0131d\u0131r. Web sitesi taray\u0131c\u0131n\u0131za y\u00fcklendi\u011finde \u00e7erezler cihaz\u0131n\u0131zda saklan\u0131r. Bu \u00e7erezler, web sitesinin d\u00fczg\u00fcn \u00e7al\u0131\u015fmas\u0131n\u0131 sa\u011flamam\u0131za, web sitesini daha g\u00fcvenli hale getirmemize, daha iyi kullan\u0131c\u0131 deneyimi sa\u011flamam\u0131za ve web sitesinin nas\u0131l performans g\u00f6sterdi\u011fini anlamam\u0131za ve neyin i\u015fe yarad\u0131\u011f\u0131n\u0131 ve nerede iyile\u015ftirilmesi gerekti\u011fini analiz etmemize yard\u0131mc\u0131 olur.<\/p>\n<p>\u00c7erezleri nas\u0131l kullan\u0131yoruz?<\/p>\n<p>\u00c7evrimi\u00e7i hizmetlerin \u00e7o\u011fu olarak, web sitemiz \u00e7erezleri birinci taraf ve \u00fc\u00e7\u00fcnc\u00fc taraf \u00e7erezlerini \u00e7e\u015fitli ama\u00e7larla kullan\u0131r. Birinci taraf \u00e7erezleri \u00e7o\u011funlukla web sitesinin do\u011fru \u015fekilde \u00e7al\u0131\u015fmas\u0131 i\u00e7in gereklidir ve ki\u015fisel olarak tan\u0131mlanabilir verilerinizi toplamaz.<\/p>\n<p>Web sitelerimizde kullan\u0131lan \u00fc\u00e7\u00fcnc\u00fc taraf \u00e7erezleri temel olarak web sitesinin nas\u0131l performans g\u00f6sterdi\u011fini, web sitemizle nas\u0131l etkile\u015fime girdi\u011finizi, hizmetlerimizi g\u00fcvende tuttu\u011funuz, sizinle alakal\u0131 reklamlar sundu\u011funuz ve sonu\u00e7 olarak size daha iyi ve iyile\u015ftirilmi\u015f bir i\u00e7erik sa\u011flamak i\u00e7in kullan\u0131l\u0131r. kullan\u0131c\u0131 deneyimi ve web sitemizle gelecekteki etkile\u015fimlerinizi h\u0131zland\u0131rman\u0131za yard\u0131mc\u0131 olur.<\/p>\n<p>Ne t\u00fcr \u00e7erezler kullan\u0131yoruz?<\/p>\n<p>\u00d6nemli: Sitemizin t\u00fcm i\u015flevlerini deneyimlemek i\u00e7in baz\u0131 \u00e7erezler gereklidir. Kullan\u0131c\u0131 oturumlar\u0131n\u0131 s\u00fcrd\u00fcrmemize ve g\u00fcvenlik tehditlerini \u00f6nlememize izin veriyorlar. Herhangi bir ki\u015fisel bilgi toplamaz veya saklamaz. \u00d6rne\u011fin, bu \u00e7erezler hesab\u0131n\u0131za giri\u015f yapman\u0131za ve sepetinize \u00fcr\u00fcn eklemenize ve g\u00fcvenli bir \u015fekilde \u00f6deme yapman\u0131za olanak tan\u0131r.<\/p>\n<p>\u0130statistikler: Bu \u00e7erezler, web sitesini ziyaret edenlerin say\u0131s\u0131, benzersiz ziyaret\u00e7ilerin say\u0131s\u0131, web sitesinin hangi sayfalar\u0131n\u0131n ziyaret edildi\u011fi, ziyaretin kayna\u011f\u0131 vb. Gibi bilgileri depolar. Bu veriler, web sitesinin ne kadar iyi performans g\u00f6sterdi\u011fini anlamam\u0131za ve analiz etmemize yard\u0131mc\u0131 olur. iyile\u015ftirilmesi gereken bir yer.<\/p>\n<p>Pazarlama: Web sitemizde reklamlar g\u00f6sterilmektedir. Bu \u00e7erezler, size g\u00f6sterdi\u011fimiz reklamlar\u0131 sizin i\u00e7in anlaml\u0131 olacak \u015fekilde ki\u015fiselle\u015ftirmek i\u00e7in kullan\u0131l\u0131r. Bu \u00e7erezler ayr\u0131ca bu reklam kampanyalar\u0131n\u0131n verimlili\u011fini takip etmemize yard\u0131mc\u0131 olur.<\/p>\n<p>Bu \u00e7erezlerde saklanan bilgiler, \u00fc\u00e7\u00fcnc\u00fc taraf reklam sa\u011flay\u0131c\u0131lar\u0131 taraf\u0131ndan size taray\u0131c\u0131daki di\u011fer web sitelerinde de reklam g\u00f6stermek i\u00e7in de kullan\u0131labilir.<\/p>\n<p>\u0130\u015flevsel: Bunlar, web sitemizde baz\u0131 temel olmayan i\u015flevlere yard\u0131mc\u0131 olan \u00e7erezlerdir. Bu i\u015flevler, video gibi i\u00e7erikleri g\u00f6mmeyi veya web sitesinde sosyal medya platformlar\u0131nda i\u00e7erik payla\u015fmay\u0131 i\u00e7erir.<\/p>\n<p>Tercihler: Bu \u00e7erezler, ayarlar\u0131n\u0131z\u0131 ve dil tercihleri \u200b\u200bgibi g\u00f6z atma tercihlerinizi saklamam\u0131za yard\u0131mc\u0131 olur;<\/p>\n<p>[cookie_audit column = &#8220;\u00e7erez, a\u00e7\u0131klama&#8221; heading = &#8220;A\u015fa\u011f\u0131daki liste web sitemizde kullan\u0131lan \u00e7erezleri detayland\u0131rmaktad\u0131r.&#8221;]<\/p>\n<p>\u00c7erez tercihlerini nas\u0131l kontrol edebilirim?<\/p>\n<p>Tercihlerinizi daha sonra g\u00f6z atma oturumunuz arac\u0131l\u0131\u011f\u0131yla de\u011fi\u015ftirmeye karar verirseniz, ekran\u0131n\u0131zdaki &#8220;Gizlilik ve \u00c7erez Politikas\u0131&#8221; sekmesini t\u0131klayabilirsiniz. Bu, tercihlerinizi de\u011fi\u015ftirmenizi veya onay\u0131n\u0131z\u0131 tamamen geri alman\u0131z\u0131 sa\u011flayan r\u0131za bildirimini tekrar g\u00f6r\u00fcnt\u00fcler.<\/p>\n<p>Buna ek olarak, farkl\u0131 taray\u0131c\u0131lar web siteleri taraf\u0131ndan kullan\u0131lan \u00e7erezleri engellemek ve silmek i\u00e7in farkl\u0131 y\u00f6ntemler sunar. \u00c7erezleri engellemek \/ silmek i\u00e7in taray\u0131c\u0131n\u0131z\u0131n ayarlar\u0131n\u0131 de\u011fi\u015ftirebilirsiniz. \u00c7erezleri y\u00f6netme ve silme hakk\u0131nda daha fazla bilgi i\u00e7in wikipedia.org, www.allaboutcookies.org adresini ziyaret edin.<\/p>\n","protected":false},"excerpt":{"rendered":"<p>Bu \u00e7erez politikas\u0131 hakk\u0131nda Bu \u00c7erez Politikas\u0131, \u00e7erezlerin ne oldu\u011funu ve nas\u0131l kulland\u0131\u011f\u0131m\u0131z\u0131 a\u00e7\u0131klar. \u00c7erezlerin ne oldu\u011funu, nas\u0131l kulland\u0131\u011f\u0131m\u0131z\u0131, kulland\u0131\u011f\u0131m\u0131z \u00e7erez t\u00fcrlerini, \u00e7erezleri kullanarak toplad\u0131\u011f\u0131m\u0131z bilgileri ve bu bilgilerin nas\u0131l kullan\u0131ld\u0131\u011f\u0131n\u0131 ve \u00e7erez tercihlerinin nas\u0131l kontrol edilece\u011fini anlamak i\u00e7in bu politikay\u0131 okumal\u0131s\u0131n\u0131z. Ki\u015fisel verilerinizi nas\u0131l kulland\u0131\u011f\u0131m\u0131z, saklad\u0131\u011f\u0131m\u0131z ve saklad\u0131\u011f\u0131m\u0131z hakk\u0131nda daha fazla bilgi i\u00e7in Gizlilik [&hellip;]<\/p>\n","protected":false},"author":2,"featured_media":0,"parent":0,"menu_order":0,"comment_status":"closed","ping_status":"closed","template":"","meta":{"_acf_changed":false,"footnotes":""},"class_list":["post-17861","page","type-page","status-publish","hentry"],"acf":[],"yoast_head":"<!-- This site is optimized with the Yoast SEO plugin v27.3 - https:\/\/yoast.com\/product\/yoast-seo-wordpress\/ -->\n<title>\u00c7erez politikas\u0131 - Apanemia Apartments<\/title>\n<meta name=\"robots\" content=\"index, follow, max-snippet:-1, max-image-preview:large, max-video-preview:-1\" \/>\n<link rel=\"canonical\" href=\"https:\/\/www.apanemia-apartments.com\/tr\/cerez-politikasi\/\" \/>\n<meta property=\"og:locale\" content=\"tr_TR\" \/>\n<meta property=\"og:type\" content=\"article\" \/>\n<meta property=\"og:title\" content=\"\u00c7erez politikas\u0131 - Apanemia Apartments\" \/>\n<meta property=\"og:description\" content=\"Bu \u00e7erez politikas\u0131 hakk\u0131nda Bu \u00c7erez Politikas\u0131, \u00e7erezlerin ne oldu\u011funu ve nas\u0131l kulland\u0131\u011f\u0131m\u0131z\u0131 a\u00e7\u0131klar. \u00c7erezlerin ne oldu\u011funu, nas\u0131l kulland\u0131\u011f\u0131m\u0131z\u0131, kulland\u0131\u011f\u0131m\u0131z \u00e7erez t\u00fcrlerini, \u00e7erezleri kullanarak toplad\u0131\u011f\u0131m\u0131z bilgileri ve bu bilgilerin nas\u0131l kullan\u0131ld\u0131\u011f\u0131n\u0131 ve \u00e7erez tercihlerinin nas\u0131l kontrol edilece\u011fini anlamak i\u00e7in bu politikay\u0131 okumal\u0131s\u0131n\u0131z. Ki\u015fisel verilerinizi nas\u0131l kulland\u0131\u011f\u0131m\u0131z, saklad\u0131\u011f\u0131m\u0131z ve saklad\u0131\u011f\u0131m\u0131z hakk\u0131nda daha fazla bilgi i\u00e7in Gizlilik [&hellip;]\" \/>\n<meta property=\"og:url\" content=\"https:\/\/www.apanemia-apartments.com\/tr\/cerez-politikasi\/\" \/>\n<meta property=\"og:site_name\" content=\"Apanemia Apartments\" \/>\n<meta property=\"article:modified_time\" content=\"2020-04-03T08:32:48+00:00\" \/>\n<meta name=\"twitter:card\" content=\"summary_large_image\" \/>\n<meta name=\"twitter:label1\" content=\"Tahmini okuma s\u00fcresi\" \/>\n\t<meta name=\"twitter:data1\" content=\"4 dakika\" \/>\n<script type=\"application\/ld+json\" class=\"yoast-schema-graph\">{\"@context\":\"https:\\\/\\\/schema.org\",\"@graph\":[{\"@type\":\"WebPage\",\"@id\":\"https:\\\/\\\/www.apanemia-apartments.com\\\/tr\\\/cerez-politikasi\\\/\",\"url\":\"https:\\\/\\\/www.apanemia-apartments.com\\\/tr\\\/cerez-politikasi\\\/\",\"name\":\"\u00c7erez politikas\u0131 - Apanemia Apartments\",\"isPartOf\":{\"@id\":\"https:\\\/\\\/www.apanemia-apartments.com\\\/tr\\\/#website\"},\"datePublished\":\"2020-03-08T20:02:02+00:00\",\"dateModified\":\"2020-04-03T08:32:48+00:00\",\"breadcrumb\":{\"@id\":\"https:\\\/\\\/www.apanemia-apartments.com\\\/tr\\\/cerez-politikasi\\\/#breadcrumb\"},\"inLanguage\":\"tr\",\"potentialAction\":[{\"@type\":\"ReadAction\",\"target\":[\"https:\\\/\\\/www.apanemia-apartments.com\\\/tr\\\/cerez-politikasi\\\/\"]}]},{\"@type\":\"BreadcrumbList\",\"@id\":\"https:\\\/\\\/www.apanemia-apartments.com\\\/tr\\\/cerez-politikasi\\\/#breadcrumb\",\"itemListElement\":[{\"@type\":\"ListItem\",\"position\":1,\"name\":\"Home\",\"item\":\"https:\\\/\\\/www.apanemia-apartments.com\\\/tr\\\/\"},{\"@type\":\"ListItem\",\"position\":2,\"name\":\"\u00c7erez politikas\u0131\"}]},{\"@type\":\"WebSite\",\"@id\":\"https:\\\/\\\/www.apanemia-apartments.com\\\/tr\\\/#website\",\"url\":\"https:\\\/\\\/www.apanemia-apartments.com\\\/tr\\\/\",\"name\":\"Apanemia Apartments\",\"description\":\"30 Years of Hospitality Hotels in Halkidiki\",\"publisher\":{\"@id\":\"https:\\\/\\\/www.apanemia-apartments.com\\\/tr\\\/#organization\"},\"potentialAction\":[{\"@type\":\"SearchAction\",\"target\":{\"@type\":\"EntryPoint\",\"urlTemplate\":\"https:\\\/\\\/www.apanemia-apartments.com\\\/tr\\\/?s={search_term_string}\"},\"query-input\":{\"@type\":\"PropertyValueSpecification\",\"valueRequired\":true,\"valueName\":\"search_term_string\"}}],\"inLanguage\":\"tr\"},{\"@type\":\"Organization\",\"@id\":\"https:\\\/\\\/www.apanemia-apartments.com\\\/tr\\\/#organization\",\"name\":\"Flegra Collection - Flegra Palace\",\"url\":\"https:\\\/\\\/www.apanemia-apartments.com\\\/tr\\\/\",\"logo\":{\"@type\":\"ImageObject\",\"inLanguage\":\"tr\",\"@id\":\"https:\\\/\\\/www.apanemia-apartments.com\\\/tr\\\/#\\\/schema\\\/logo\\\/image\\\/\",\"url\":\"\",\"contentUrl\":\"\",\"caption\":\"Flegra Collection - Flegra Palace\"},\"image\":{\"@id\":\"https:\\\/\\\/www.apanemia-apartments.com\\\/tr\\\/#\\\/schema\\\/logo\\\/image\\\/\"}}]}<\/script>\n<!-- \/ Yoast SEO plugin. -->","yoast_head_json":{"title":"\u00c7erez politikas\u0131 - Apanemia Apartments","robots":{"index":"index","follow":"follow","max-snippet":"max-snippet:-1","max-image-preview":"max-image-preview:large","max-video-preview":"max-video-preview:-1"},"canonical":"https:\/\/www.apanemia-apartments.com\/tr\/cerez-politikasi\/","og_locale":"tr_TR","og_type":"article","og_title":"\u00c7erez politikas\u0131 - Apanemia Apartments","og_description":"Bu \u00e7erez politikas\u0131 hakk\u0131nda Bu \u00c7erez Politikas\u0131, \u00e7erezlerin ne oldu\u011funu ve nas\u0131l kulland\u0131\u011f\u0131m\u0131z\u0131 a\u00e7\u0131klar. \u00c7erezlerin ne oldu\u011funu, nas\u0131l kulland\u0131\u011f\u0131m\u0131z\u0131, kulland\u0131\u011f\u0131m\u0131z \u00e7erez t\u00fcrlerini, \u00e7erezleri kullanarak toplad\u0131\u011f\u0131m\u0131z bilgileri ve bu bilgilerin nas\u0131l kullan\u0131ld\u0131\u011f\u0131n\u0131 ve \u00e7erez tercihlerinin nas\u0131l kontrol edilece\u011fini anlamak i\u00e7in bu politikay\u0131 okumal\u0131s\u0131n\u0131z. Ki\u015fisel verilerinizi nas\u0131l kulland\u0131\u011f\u0131m\u0131z, saklad\u0131\u011f\u0131m\u0131z ve saklad\u0131\u011f\u0131m\u0131z hakk\u0131nda daha fazla bilgi i\u00e7in Gizlilik [&hellip;]","og_url":"https:\/\/www.apanemia-apartments.com\/tr\/cerez-politikasi\/","og_site_name":"Apanemia Apartments","article_modified_time":"2020-04-03T08:32:48+00:00","twitter_card":"summary_large_image","twitter_misc":{"Tahmini okuma s\u00fcresi":"4 dakika"},"schema":{"@context":"https:\/\/schema.org","@graph":[{"@type":"WebPage","@id":"https:\/\/www.apanemia-apartments.com\/tr\/cerez-politikasi\/","url":"https:\/\/www.apanemia-apartments.com\/tr\/cerez-politikasi\/","name":"\u00c7erez politikas\u0131 - Apanemia Apartments","isPartOf":{"@id":"https:\/\/www.apanemia-apartments.com\/tr\/#website"},"datePublished":"2020-03-08T20:02:02+00:00","dateModified":"2020-04-03T08:32:48+00:00","breadcrumb":{"@id":"https:\/\/www.apanemia-apartments.com\/tr\/cerez-politikasi\/#breadcrumb"},"inLanguage":"tr","potentialAction":[{"@type":"ReadAction","target":["https:\/\/www.apanemia-apartments.com\/tr\/cerez-politikasi\/"]}]},{"@type":"BreadcrumbList","@id":"https:\/\/www.apanemia-apartments.com\/tr\/cerez-politikasi\/#breadcrumb","itemListElement":[{"@type":"ListItem","position":1,"name":"Home","item":"https:\/\/www.apanemia-apartments.com\/tr\/"},{"@type":"ListItem","position":2,"name":"\u00c7erez politikas\u0131"}]},{"@type":"WebSite","@id":"https:\/\/www.apanemia-apartments.com\/tr\/#website","url":"https:\/\/www.apanemia-apartments.com\/tr\/","name":"Apanemia Apartments","description":"30 Years of Hospitality Hotels in Halkidiki","publisher":{"@id":"https:\/\/www.apanemia-apartments.com\/tr\/#organization"},"potentialAction":[{"@type":"SearchAction","target":{"@type":"EntryPoint","urlTemplate":"https:\/\/www.apanemia-apartments.com\/tr\/?s={search_term_string}"},"query-input":{"@type":"PropertyValueSpecification","valueRequired":true,"valueName":"search_term_string"}}],"inLanguage":"tr"},{"@type":"Organization","@id":"https:\/\/www.apanemia-apartments.com\/tr\/#organization","name":"Flegra Collection - Flegra Palace","url":"https:\/\/www.apanemia-apartments.com\/tr\/","logo":{"@type":"ImageObject","inLanguage":"tr","@id":"https:\/\/www.apanemia-apartments.com\/tr\/#\/schema\/logo\/image\/","url":"","contentUrl":"","caption":"Flegra Collection - Flegra Palace"},"image":{"@id":"https:\/\/www.apanemia-apartments.com\/tr\/#\/schema\/logo\/image\/"}}]}},"_links":{"self":[{"href":"https:\/\/www.apanemia-apartments.com\/tr\/wp-json\/wp\/v2\/pages\/17861","targetHints":{"allow":["GET"]}}],"collection":[{"href":"https:\/\/www.apanemia-apartments.com\/tr\/wp-json\/wp\/v2\/pages"}],"about":[{"href":"https:\/\/www.apanemia-apartments.com\/tr\/wp-json\/wp\/v2\/types\/page"}],"author":[{"embeddable":true,"href":"https:\/\/www.apanemia-apartments.com\/tr\/wp-json\/wp\/v2\/users\/2"}],"replies":[{"embeddable":true,"href":"https:\/\/www.apanemia-apartments.com\/tr\/wp-json\/wp\/v2\/comments?post=17861"}],"version-history":[{"count":0,"href":"https:\/\/www.apanemia-apartments.com\/tr\/wp-json\/wp\/v2\/pages\/17861\/revisions"}],"wp:attachment":[{"href":"https:\/\/www.apanemia-apartments.com\/tr\/wp-json\/wp\/v2\/media?parent=17861"}],"curies":[{"name":"wp","href":"https:\/\/api.w.org\/{rel}","templated":true}]}}